{"id":13,"date":"2014-10-07T20:20:38","date_gmt":"2014-10-07T18:20:38","guid":{"rendered":"http:\/\/www.og-nettetal-hinsbeck.de\/?page_id=13"},"modified":"2014-10-10T23:02:57","modified_gmt":"2014-10-10T21:02:57","slug":"chronik","status":"publish","type":"page","link":"https:\/\/www.og-nettetal-hinsbeck.de\/?page_id=13","title":{"rendered":"Chronik"},"content":{"rendered":"<p>50 Jahre Deutscher Sch\u00e4ferhundverein &#8211; Ortsgruppe Hinsbeck<\/p>\n<p><img loading=\"lazy\" decoding=\"async\" style=\"float: left; margin: 5px;\" src=\"https:\/\/www.og-nettetal-hinsbeck.de\/wp-content\/uploads\/2014\/10\/Franz.jpg\" alt=\"D200_20Apr_035\" width=\"250\" height=\"169\" \/>Auf ein halbes Jahrhundert Vereinsgeschichte k\u00f6nnen die rund 20 Mitglieder des Deutschen Sch\u00e4ferhundevereins &#8211; Ortsgruppe Nettetal-Hinsbeck &#8211; zur\u00fcckblicken. Am 12.03.1953 wurde er von mehreren Hundefreunden um Gerd Dors und Heinz H\u00fcpen gegr\u00fcndet. Die Hundeausbildung wurde Anfangs auf dem Vereinsgel\u00e4nde an der Waldesruh abgehalten. Dieser Platz bestand lediglich aus einer Wiese und war recht sp\u00e4rlich mit einer Holzh\u00fctte und einfachen Trainingsger\u00e4ten ausgestattet, so erinnert sich das Ehrenmitgliet Franz Terstappen, selbst 37 Jahreim Verein.<\/p>\n<p>Trotz alledem konnten die Vereinsmitglieder einige Erfolge mit ihren Hunden verbuchen. So nahm Franz Terstappen mit &#8222;Apoll von Burgwildbringen&#8220; an der Bundessiegerpr\u00fcfung teil, andere Mitglieder nahmen mit ihren Sch\u00fctzlingen an Landes-, Bundes- und Europawettbewerben teil.<\/p>\n<p>So zum Beispiel &#8222;Harro aus der Lechrainstadt&#8220; mit Richard D\u00fcrselen. Die Mannschaft um Franz Terstappen gewann vier mal den Niederrheinpokal. Dieser 1968 von der Ortsgruppe Krefeld gestiftete Pokal wurde von der Mannschaft aus Nettetal-Hinsbeck, insgesamt f\u00fcnf Mal gewonnen (1971-74 und 1976).<\/p>\n<p><img loading=\"lazy\" decoding=\"async\" style=\"float: right; margin: 5px;\" src=\"https:\/\/www.og-nettetal-hinsbeck.de\/wp-content\/uploads\/2014\/10\/DSC1989_20.jpg\" alt=\"_DSC1989_20\" width=\"250\" height=\"168\" \/>Gro\u00dfe Freude kam dann 1987 auf, als das neue Vereinsgel\u00e4nde am Schlibecker Berg bezogen werden konnte. In Eigenleistung schuf man eine mit Flutlicht ausgestattete Wiese. Moderne Trainingsger\u00e4te f\u00fcr die Hundeerziehung wurden angeschafft, eine artgerechte Zwingeranlage und ein Vereinsheim f\u00fcr die Clubmitglieder wurden errichtet. Die Anlage ist so gut ausgestattet, dass sogar Rauschgift- und Sprengstoffhunde der Polizei hier trainierten.<\/p>\n<p>Nach 29 Jahren p\u00fcnktlich zum Vereinsjubil\u00e4um im M\u00e4rz 2005, gewinnen Thomas und Marina Boxhammer zum sechsten Mal den Niederrheinpokal, womit er im Besitz des Vereins bleibt.<\/p>\n","protected":false},"excerpt":{"rendered":"<p>50 Jahre Deutscher Sch\u00e4ferhundverein &#8211; Ortsgruppe Hinsbeck Auf ein halbes Jahrhundert Vereinsgeschichte k\u00f6nnen die rund 20 Mitglieder des Deutschen Sch\u00e4ferhundevereins &#8211; Ortsgruppe Nettetal-Hinsbeck &#8211; zur\u00fcckblicken. Am 12.03.1953 wurde er von mehreren Hundefreunden um Gerd Dors und Heinz H\u00fcpen gegr\u00fcndet. Die &hellip; <a href=\"https:\/\/www.og-nettetal-hinsbeck.de\/?page_id=13\">Weiterlesen <span class=\"meta-nav\">&rarr;<\/span><\/a><\/p>\n","protected":false},"author":1,"featured_media":0,"parent":11,"menu_order":1,"comment_status":"closed","ping_status":"open","template":"","meta":{"ngg_post_thumbnail":0,"footnotes":""},"class_list":["post-13","page","type-page","status-publish","hentry"],"_links":{"self":[{"href":"https:\/\/www.og-nettetal-hinsbeck.de\/index.php?rest_route=\/wp\/v2\/pages\/13","targetHints":{"allow":["GET"]}}],"collection":[{"href":"https:\/\/www.og-nettetal-hinsbeck.de\/index.php?rest_route=\/wp\/v2\/pages"}],"about":[{"href":"https:\/\/www.og-nettetal-hinsbeck.de\/index.php?rest_route=\/wp\/v2\/types\/page"}],"author":[{"embeddable":true,"href":"https:\/\/www.og-nettetal-hinsbeck.de\/index.php?rest_route=\/wp\/v2\/users\/1"}],"replies":[{"embeddable":true,"href":"https:\/\/www.og-nettetal-hinsbeck.de\/index.php?rest_route=%2Fwp%2Fv2%2Fcomments&post=13"}],"version-history":[{"count":3,"href":"https:\/\/www.og-nettetal-hinsbeck.de\/index.php?rest_route=\/wp\/v2\/pages\/13\/revisions"}],"predecessor-version":[{"id":181,"href":"https:\/\/www.og-nettetal-hinsbeck.de\/index.php?rest_route=\/wp\/v2\/pages\/13\/revisions\/181"}],"up":[{"embeddable":true,"href":"https:\/\/www.og-nettetal-hinsbeck.de\/index.php?rest_route=\/wp\/v2\/pages\/11"}],"wp:attachment":[{"href":"https:\/\/www.og-nettetal-hinsbeck.de\/index.php?rest_route=%2Fwp%2Fv2%2Fmedia&parent=13"}],"curies":[{"name":"wp","href":"https:\/\/api.w.org\/{rel}","templated":true}]}}