{"id":15,"date":"2014-10-07T20:21:26","date_gmt":"2014-10-07T18:21:26","guid":{"rendered":"http:\/\/www.og-nettetal-hinsbeck.de\/?page_id=15"},"modified":"2025-01-14T09:14:27","modified_gmt":"2025-01-14T07:14:27","slug":"das-training","status":"publish","type":"page","link":"https:\/\/www.og-nettetal-hinsbeck.de\/?page_id=15","title":{"rendered":"Das Training"},"content":{"rendered":"<h2 class=\"art-PostHeader\">Trainingszeiten:<\/h2>\n<div class=\"art-PostContent\">\n<div class=\"art-article\">\n<p>Dienstags ab 16:00Uhr<br \/>\nSamstags ab 13:30Uhr<\/p>\n<p><img loading=\"lazy\" decoding=\"async\" class=\"alignleft wp-image-131 size-full\" src=\"https:\/\/www.og-nettetal-hinsbeck.de\/wp-content\/uploads\/2014\/10\/Schutzd.bmp\" alt=\"Schutzdienst\" width=\"77\" height=\"81\" \/>Dienstags ab 16:00 Uhr Unterordnung und anschlie\u00dfend Schutzdienst. Wir versuchen das Training nicht \u00fcber 21:00 Uhr auszudehnen.<\/p>\n<p>Sams<img loading=\"lazy\" decoding=\"async\" class=\"alignright wp-image-132 size-full\" src=\"https:\/\/www.og-nettetal-hinsbeck.de\/wp-content\/uploads\/2014\/10\/tracking.bmp\" alt=\"F\u00e4hrten\" width=\"77\" height=\"70\" \/>tags beginnen wir um 13:30 Uhr mit der Unterordnung, anschlie\u00dfend Schutzdienst.<\/p>\n<p>F\u00e4hrten nach Absprache.<\/p>\n<\/div>\n<\/div>\n","protected":false},"excerpt":{"rendered":"<p>Trainingszeiten: Dienstags ab 16:00Uhr Samstags ab 13:30Uhr Dienstags ab 16:00 Uhr Unterordnung und anschlie\u00dfend Schutzdienst. Wir versuchen das Training nicht \u00fcber 21:00 Uhr auszudehnen. Samstags beginnen wir um 13:30 Uhr mit der Unterordnung, anschlie\u00dfend Schutzdienst. F\u00e4hrten nach Absprache.<\/p>\n","protected":false},"author":1,"featured_media":0,"parent":0,"menu_order":8,"comment_status":"closed","ping_status":"open","template":"","meta":{"ngg_post_thumbnail":0,"footnotes":""},"class_list":["post-15","page","type-page","status-publish","hentry"],"_links":{"self":[{"href":"https:\/\/www.og-nettetal-hinsbeck.de\/index.php?rest_route=\/wp\/v2\/pages\/15","targetHints":{"allow":["GET"]}}],"collection":[{"href":"https:\/\/www.og-nettetal-hinsbeck.de\/index.php?rest_route=\/wp\/v2\/pages"}],"about":[{"href":"https:\/\/www.og-nettetal-hinsbeck.de\/index.php?rest_route=\/wp\/v2\/types\/page"}],"author":[{"embeddable":true,"href":"https:\/\/www.og-nettetal-hinsbeck.de\/index.php?rest_route=\/wp\/v2\/users\/1"}],"replies":[{"embeddable":true,"href":"https:\/\/www.og-nettetal-hinsbeck.de\/index.php?rest_route=%2Fwp%2Fv2%2Fcomments&post=15"}],"version-history":[{"count":10,"href":"https:\/\/www.og-nettetal-hinsbeck.de\/index.php?rest_route=\/wp\/v2\/pages\/15\/revisions"}],"predecessor-version":[{"id":2035,"href":"https:\/\/www.og-nettetal-hinsbeck.de\/index.php?rest_route=\/wp\/v2\/pages\/15\/revisions\/2035"}],"wp:attachment":[{"href":"https:\/\/www.og-nettetal-hinsbeck.de\/index.php?rest_route=%2Fwp%2Fv2%2Fmedia&parent=15"}],"curies":[{"name":"wp","href":"https:\/\/api.w.org\/{rel}","templated":true}]}}