{"id":2,"date":"2014-10-07T17:52:07","date_gmt":"2014-10-07T17:52:07","guid":{"rendered":"http:\/\/www.og-nettetal-hinsbeck.de\/?page_id=2"},"modified":"2019-10-30T12:02:32","modified_gmt":"2019-10-30T10:02:32","slug":"beispiel-seite","status":"publish","type":"page","link":"https:\/\/www.og-nettetal-hinsbeck.de\/","title":{"rendered":"Startseite"},"content":{"rendered":"<h3>Herzlich Willkommen,<\/h3>\n<p>auf der Homepage der SV-OG Nettetal Hinsbeck.<\/p>\n<p>Wir m\u00f6chten Ihnen auf den folgenden Seiten unseren Verein, unser Vereinsleben, sowie unsere Hundeausbildung\u00a0n\u00e4her bringen.<\/p>\n<p>Viel Spa\u00df beim St\u00f6bern w\u00fcnscht,<\/p>\n<p>die OG Nettetal-Hinsbeck.<\/p>\n<h3><a href=\"https:\/\/www.og-nettetal-hinsbeck.de\/wp-content\/uploads\/2014\/10\/Vereinsheim.jpg\"><img loading=\"lazy\" decoding=\"async\" class=\"alignnone  wp-image-911\" src=\"https:\/\/www.og-nettetal-hinsbeck.de\/wp-content\/uploads\/2014\/10\/Vereinsheim-300x199.jpg\" alt=\"\" width=\"420\" height=\"279\" srcset=\"https:\/\/www.og-nettetal-hinsbeck.de\/wp-content\/uploads\/2014\/10\/Vereinsheim-300x199.jpg 300w, https:\/\/www.og-nettetal-hinsbeck.de\/wp-content\/uploads\/2014\/10\/Vereinsheim-768x510.jpg 768w, https:\/\/www.og-nettetal-hinsbeck.de\/wp-content\/uploads\/2014\/10\/Vereinsheim.jpg 887w\" sizes=\"auto, (max-width: 420px) 100vw, 420px\" \/><\/a><\/h3>\n<h3>\u00a0<\/h3>\n<h3 style=\"text-align: left;\">Mit freundlicher unterst\u00fctzung durch:<\/h3>\n<h3 style=\"text-align: left;\"><a title=\"Barabas-Petshop\" href=\"http:\/\/www.barabas-petshop.de\/\" target=\"_blank\" rel=\"noopener noreferrer\"><img loading=\"lazy\" decoding=\"async\" class=\"alignnone  wp-image-1121\" src=\"https:\/\/www.og-nettetal-hinsbeck.de\/wp-content\/uploads\/2019\/10\/LOGO-barabas001-1024x287.jpg\" alt=\"\" width=\"254\" height=\"71\" srcset=\"https:\/\/www.og-nettetal-hinsbeck.de\/wp-content\/uploads\/2019\/10\/LOGO-barabas001-1024x287.jpg 1024w, https:\/\/www.og-nettetal-hinsbeck.de\/wp-content\/uploads\/2019\/10\/LOGO-barabas001-300x84.jpg 300w, https:\/\/www.og-nettetal-hinsbeck.de\/wp-content\/uploads\/2019\/10\/LOGO-barabas001-768x215.jpg 768w\" sizes=\"auto, (max-width: 254px) 100vw, 254px\" \/><\/a><\/h3>\n<p style=\"text-align: left;\">\u00a0<\/p>\n<p style=\"text-align: left;\">\u00a0<\/p>\n\n","protected":false},"excerpt":{"rendered":"<p>Herzlich Willkommen, auf der Homepage der SV-OG Nettetal Hinsbeck. Wir m\u00f6chten Ihnen auf den folgenden Seiten unseren Verein, unser Vereinsleben, sowie unsere Hundeausbildung\u00a0n\u00e4her bringen. Viel Spa\u00df beim St\u00f6bern w\u00fcnscht, die OG Nettetal-Hinsbeck. \u00a0 Mit freundlicher unterst\u00fctzung durch: \u00a0 \u00a0<\/p>\n","protected":false},"author":1,"featured_media":0,"parent":0,"menu_order":6,"comment_status":"closed","ping_status":"closed","template":"","meta":{"ngg_post_thumbnail":0,"footnotes":""},"class_list":["post-2","page","type-page","status-publish","hentry"],"_links":{"self":[{"href":"https:\/\/www.og-nettetal-hinsbeck.de\/index.php?rest_route=\/wp\/v2\/pages\/2","targetHints":{"allow":["GET"]}}],"collection":[{"href":"https:\/\/www.og-nettetal-hinsbeck.de\/index.php?rest_route=\/wp\/v2\/pages"}],"about":[{"href":"https:\/\/www.og-nettetal-hinsbeck.de\/index.php?rest_route=\/wp\/v2\/types\/page"}],"author":[{"embeddable":true,"href":"https:\/\/www.og-nettetal-hinsbeck.de\/index.php?rest_route=\/wp\/v2\/users\/1"}],"replies":[{"embeddable":true,"href":"https:\/\/www.og-nettetal-hinsbeck.de\/index.php?rest_route=%2Fwp%2Fv2%2Fcomments&post=2"}],"version-history":[{"count":10,"href":"https:\/\/www.og-nettetal-hinsbeck.de\/index.php?rest_route=\/wp\/v2\/pages\/2\/revisions"}],"predecessor-version":[{"id":1124,"href":"https:\/\/www.og-nettetal-hinsbeck.de\/index.php?rest_route=\/wp\/v2\/pages\/2\/revisions\/1124"}],"wp:attachment":[{"href":"https:\/\/www.og-nettetal-hinsbeck.de\/index.php?rest_route=%2Fwp%2Fv2%2Fmedia&parent=2"}],"curies":[{"name":"wp","href":"https:\/\/api.w.org\/{rel}","templated":true}]}}