{"id":807,"date":"2016-11-06T23:58:07","date_gmt":"2016-11-06T21:58:07","guid":{"rendered":"http:\/\/www.og-nettetal-hinsbeck.de\/?page_id=807"},"modified":"2024-12-21T22:10:38","modified_gmt":"2024-12-21T20:10:38","slug":"ergebnisse","status":"publish","type":"page","link":"https:\/\/www.og-nettetal-hinsbeck.de\/?page_id=807","title":{"rendered":"Ergebnisse"},"content":{"rendered":"\n<figure class=\"wp-block-image size-full\"><a href=\"https:\/\/www.og-nettetal-hinsbeck.de\/wp-content\/uploads\/2022\/05\/IMG-20220501-WA00232-829x1024-1.jpg\"><img loading=\"lazy\" decoding=\"async\" width=\"829\" height=\"1024\" src=\"https:\/\/www.og-nettetal-hinsbeck.de\/wp-content\/uploads\/2022\/05\/IMG-20220501-WA00232-829x1024-1.jpg\" alt=\"\" class=\"wp-image-1293\" srcset=\"https:\/\/www.og-nettetal-hinsbeck.de\/wp-content\/uploads\/2022\/05\/IMG-20220501-WA00232-829x1024-1.jpg 829w, https:\/\/www.og-nettetal-hinsbeck.de\/wp-content\/uploads\/2022\/05\/IMG-20220501-WA00232-829x1024-1-243x300.jpg 243w, https:\/\/www.og-nettetal-hinsbeck.de\/wp-content\/uploads\/2022\/05\/IMG-20220501-WA00232-829x1024-1-768x949.jpg 768w\" sizes=\"auto, (max-width: 829px) 100vw, 829px\" \/><\/a><figcaption>Herbstpr\u00fcfung 01. Mai 2022<\/figcaption><\/figure>\n\n\n\n<figure class=\"wp-block-image\"><a href=\"https:\/\/www.og-nettetal-hinsbeck.de\/wp-content\/uploads\/2019\/11\/IMG_20191103_153639.jpg\"><img loading=\"lazy\" decoding=\"async\" width=\"225\" height=\"300\" src=\"https:\/\/www.og-nettetal-hinsbeck.de\/wp-content\/uploads\/2019\/11\/IMG_20191103_153639-225x300.jpg\" alt=\"\" class=\"wp-image-1130\" srcset=\"https:\/\/www.og-nettetal-hinsbeck.de\/wp-content\/uploads\/2019\/11\/IMG_20191103_153639-225x300.jpg 225w, https:\/\/www.og-nettetal-hinsbeck.de\/wp-content\/uploads\/2019\/11\/IMG_20191103_153639-768x1024.jpg 768w\" sizes=\"auto, (max-width: 225px) 100vw, 225px\" \/><\/a><\/figure>\n\n\n\n<figure class=\"wp-block-image\"><img decoding=\"async\" src=\"https:\/\/www.og-nettetal-hinsbeck.de\/wp-content\/uploads\/2019\/04\/IMG_20190407_163846.jpg\" alt=\"\"\/><\/figure>\n\n\n\n<p>Herbstpr\u00fcfung 2019&nbsp;&nbsp;&nbsp;&nbsp;&nbsp;&nbsp;&nbsp;&nbsp;&nbsp;&nbsp;&nbsp;&nbsp;&nbsp;&nbsp;&nbsp;&nbsp;&nbsp;&nbsp;&nbsp;&nbsp;&nbsp;&nbsp;&nbsp;&nbsp;&nbsp;&nbsp;&nbsp;&nbsp;&nbsp;&nbsp;&nbsp;&nbsp;&nbsp;&nbsp; Fr\u00fchjahrspr\u00fcfung 2019<\/p>\n\n\n\n<figure class=\"wp-block-image\"><a href=\"https:\/\/www.og-nettetal-hinsbeck.de\/wp-content\/uploads\/2018\/11\/IMG_20181104_141237.jpg\"><img loading=\"lazy\" decoding=\"async\" width=\"225\" height=\"300\" src=\"https:\/\/www.og-nettetal-hinsbeck.de\/wp-content\/uploads\/2018\/11\/IMG_20181104_141237-225x300.jpg\" alt=\"\" class=\"wp-image-1063\" srcset=\"https:\/\/www.og-nettetal-hinsbeck.de\/wp-content\/uploads\/2018\/11\/IMG_20181104_141237-225x300.jpg 225w, https:\/\/www.og-nettetal-hinsbeck.de\/wp-content\/uploads\/2018\/11\/IMG_20181104_141237-768x1024.jpg 768w\" sizes=\"auto, (max-width: 225px) 100vw, 225px\" \/><\/a><\/figure>\n\n\n\n<p>Herbstpr\u00fcfung 2018<\/p>\n\n\n\n<figure class=\"wp-block-image\"><img loading=\"lazy\" decoding=\"async\" width=\"169\" height=\"300\" src=\"https:\/\/www.og-nettetal-hinsbeck.de\/wp-content\/uploads\/2016\/11\/20171105_150120-e1509905620201-169x300.jpg\" alt=\"\" class=\"wp-image-923\" srcset=\"https:\/\/www.og-nettetal-hinsbeck.de\/wp-content\/uploads\/2016\/11\/20171105_150120-e1509905620201-169x300.jpg 169w, https:\/\/www.og-nettetal-hinsbeck.de\/wp-content\/uploads\/2016\/11\/20171105_150120-e1509905620201-768x1365.jpg 768w, https:\/\/www.og-nettetal-hinsbeck.de\/wp-content\/uploads\/2016\/11\/20171105_150120-e1509905620201-576x1024.jpg 576w\" sizes=\"auto, (max-width: 169px) 100vw, 169px\" \/><\/figure>\n\n\n\n<p><a href=\"https:\/\/www.og-nettetal-hinsbeck.de\/wp-content\/uploads\/2016\/11\/20171105_150120.jpg\">&nbsp;<\/a><\/p>\n\n\n\n<p>Herbstpr\u00fcfung 2017<\/p>\n\n\n\n<figure class=\"wp-block-image\"><a href=\"https:\/\/www.og-nettetal-hinsbeck.de\/wp-content\/uploads\/2016\/11\/P1010432.jpg\"><img loading=\"lazy\" decoding=\"async\" width=\"225\" height=\"300\" src=\"https:\/\/www.og-nettetal-hinsbeck.de\/wp-content\/uploads\/2016\/11\/P1010432-225x300.jpg\" alt=\"p1010432\" class=\"wp-image-801\" srcset=\"https:\/\/www.og-nettetal-hinsbeck.de\/wp-content\/uploads\/2016\/11\/P1010432-225x300.jpg 225w, https:\/\/www.og-nettetal-hinsbeck.de\/wp-content\/uploads\/2016\/11\/P1010432-768x1024.jpg 768w\" sizes=\"auto, (max-width: 225px) 100vw, 225px\" \/><\/a><\/figure>\n\n\n\n<figure class=\"wp-block-image\"><a href=\"https:\/\/www.og-nettetal-hinsbeck.de\/wp-content\/uploads\/2016\/11\/20161011_190521R.jpg\"><img loading=\"lazy\" decoding=\"async\" width=\"225\" height=\"300\" src=\"https:\/\/www.og-nettetal-hinsbeck.de\/wp-content\/uploads\/2016\/11\/20161011_190521R-225x300.jpg\" alt=\"20161011_190521r\" class=\"wp-image-813\" srcset=\"https:\/\/www.og-nettetal-hinsbeck.de\/wp-content\/uploads\/2016\/11\/20161011_190521R-225x300.jpg 225w, https:\/\/www.og-nettetal-hinsbeck.de\/wp-content\/uploads\/2016\/11\/20161011_190521R-768x1024.jpg 768w\" sizes=\"auto, (max-width: 225px) 100vw, 225px\" \/><\/a><\/figure>\n\n\n\n<p>Herbstpr\u00fcfung 2016&nbsp;&nbsp;&nbsp;&nbsp;&nbsp;&nbsp;&nbsp;&nbsp;&nbsp;&nbsp;&nbsp;&nbsp;&nbsp;&nbsp;&nbsp;&nbsp;&nbsp;&nbsp;&nbsp;&nbsp;&nbsp; &nbsp; &nbsp; &nbsp; &nbsp; &nbsp; &nbsp;&nbsp; Fr\u00fchjahrspr\u00fcfung 2016<\/p>\n\n\n\n<figure class=\"wp-block-image\"><a href=\"https:\/\/www.og-nettetal-hinsbeck.de\/wp-content\/uploads\/2016\/11\/IMG-20171123.jpg\"><img loading=\"lazy\" decoding=\"async\" width=\"225\" height=\"300\" src=\"https:\/\/www.og-nettetal-hinsbeck.de\/wp-content\/uploads\/2016\/11\/IMG-20171123-225x300.jpg\" alt=\"\" class=\"wp-image-942\" srcset=\"https:\/\/www.og-nettetal-hinsbeck.de\/wp-content\/uploads\/2016\/11\/IMG-20171123-225x300.jpg 225w, https:\/\/www.og-nettetal-hinsbeck.de\/wp-content\/uploads\/2016\/11\/IMG-20171123-768x1024.jpg 768w, https:\/\/www.og-nettetal-hinsbeck.de\/wp-content\/uploads\/2016\/11\/IMG-20171123.jpg 774w\" sizes=\"auto, (max-width: 225px) 100vw, 225px\" \/><\/a><\/figure>\n\n\n\n<p>Herbstpr\u00fcfung 2015<\/p>\n\n\n\n<figure class=\"wp-block-image\"><a href=\"https:\/\/www.og-nettetal-hinsbeck.de\/wp-content\/uploads\/2016\/11\/Herbstpr\u00fcfung-2014-e1479197294280.jpg\"><img loading=\"lazy\" decoding=\"async\" width=\"225\" height=\"300\" src=\"https:\/\/www.og-nettetal-hinsbeck.de\/wp-content\/uploads\/2016\/11\/Herbstpr\u00fcfung-2014-e1479197294280-225x300.jpg\" alt=\"herbstpruefung-2014\" class=\"wp-image-823\" srcset=\"https:\/\/www.og-nettetal-hinsbeck.de\/wp-content\/uploads\/2016\/11\/Herbstpr\u00fcfung-2014-e1479197294280-225x300.jpg 225w, https:\/\/www.og-nettetal-hinsbeck.de\/wp-content\/uploads\/2016\/11\/Herbstpr\u00fcfung-2014-e1479197294280-768x1024.jpg 768w\" sizes=\"auto, (max-width: 225px) 100vw, 225px\" \/><\/a><\/figure>\n\n\n\n<figure class=\"wp-block-image\"><a href=\"https:\/\/www.og-nettetal-hinsbeck.de\/wp-content\/uploads\/2016\/11\/Herbstpr-2013.png\"><img loading=\"lazy\" decoding=\"async\" width=\"287\" height=\"300\" src=\"https:\/\/www.og-nettetal-hinsbeck.de\/wp-content\/uploads\/2016\/11\/Herbstpr-2013-287x300.png\" alt=\"herbstpr-2013\" class=\"wp-image-814\" srcset=\"https:\/\/www.og-nettetal-hinsbeck.de\/wp-content\/uploads\/2016\/11\/Herbstpr-2013-287x300.png 287w, https:\/\/www.og-nettetal-hinsbeck.de\/wp-content\/uploads\/2016\/11\/Herbstpr-2013.png 674w\" sizes=\"auto, (max-width: 287px) 100vw, 287px\" \/><\/a><\/figure>\n\n\n\n<p>Herbstpr\u00fcfung 2014&nbsp;&nbsp;&nbsp;&nbsp;&nbsp;&nbsp;&nbsp;&nbsp;&nbsp;&nbsp;&nbsp;&nbsp;&nbsp;&nbsp;&nbsp;&nbsp;&nbsp;&nbsp;&nbsp;&nbsp;&nbsp;&nbsp;&nbsp;&nbsp;&nbsp;&nbsp;&nbsp;&nbsp;&nbsp;&nbsp;&nbsp;&nbsp;&nbsp;&nbsp;&nbsp; &nbsp; &nbsp; Herbstpr\u00fcfung 2013<\/p>\n\n\n\n<figure class=\"wp-block-image\"><a href=\"https:\/\/www.og-nettetal-hinsbeck.de\/wp-content\/uploads\/2016\/11\/Herbstpr\u00fcfung-2012-e1479197279180.jpg\"><img loading=\"lazy\" decoding=\"async\" width=\"225\" height=\"300\" src=\"https:\/\/www.og-nettetal-hinsbeck.de\/wp-content\/uploads\/2016\/11\/Herbstpr\u00fcfung-2012-e1479197279180-225x300.jpg\" alt=\"herbstpruefung-2012\" class=\"wp-image-822\" srcset=\"https:\/\/www.og-nettetal-hinsbeck.de\/wp-content\/uploads\/2016\/11\/Herbstpr\u00fcfung-2012-e1479197279180-225x300.jpg 225w, https:\/\/www.og-nettetal-hinsbeck.de\/wp-content\/uploads\/2016\/11\/Herbstpr\u00fcfung-2012-e1479197279180-768x1024.jpg 768w\" sizes=\"auto, (max-width: 225px) 100vw, 225px\" \/><\/a><\/figure>\n\n\n\n<figure class=\"wp-block-image\"><img loading=\"lazy\" decoding=\"async\" width=\"225\" height=\"300\" src=\"https:\/\/www.og-nettetal-hinsbeck.de\/wp-content\/uploads\/2016\/11\/Herbstpr\u00fcfung-2011-e1479197253768-225x300.jpg\" alt=\"herbstpruefung-2011\" class=\"wp-image-821\" srcset=\"https:\/\/www.og-nettetal-hinsbeck.de\/wp-content\/uploads\/2016\/11\/Herbstpr\u00fcfung-2011-e1479197253768-225x300.jpg 225w, https:\/\/www.og-nettetal-hinsbeck.de\/wp-content\/uploads\/2016\/11\/Herbstpr\u00fcfung-2011-e1479197253768-768x1024.jpg 768w\" sizes=\"auto, (max-width: 225px) 100vw, 225px\" \/><\/figure>\n\n\n\n<p><a href=\"https:\/\/www.og-nettetal-hinsbeck.de\/wp-content\/uploads\/2016\/11\/Herbstpr\u00fcfung-2011-e1479197253768.jpg\">&nbsp;&nbsp;<\/a><a href=\"https:\/\/www.og-nettetal-hinsbeck.de\/wp-content\/uploads\/2016\/11\/Herbstpr\u00fcfung-2011-e1479197253768.jpg\">&nbsp;&nbsp;&nbsp;&nbsp;&nbsp;&nbsp;&nbsp;&nbsp;&nbsp;&nbsp;&nbsp;&nbsp; <\/a><\/p>\n\n\n\n<p>Herbstpr\u00fcfung 2012 &nbsp; &nbsp; &nbsp; &nbsp; &nbsp; &nbsp; &nbsp; &nbsp; &nbsp; &nbsp; &nbsp; &nbsp; &nbsp; &nbsp; &nbsp; &nbsp; &nbsp; &nbsp; &nbsp;&nbsp; Herbstpr\u00fcfung 2011<\/p>\n\n\n\n<figure class=\"wp-block-image\"><a href=\"https:\/\/www.og-nettetal-hinsbeck.de\/wp-content\/uploads\/2016\/11\/Herbstpr\u00fcfung-2010-1.jpg\"><img loading=\"lazy\" decoding=\"async\" width=\"208\" height=\"300\" src=\"https:\/\/www.og-nettetal-hinsbeck.de\/wp-content\/uploads\/2016\/11\/Herbstpr\u00fcfung-2010-1-208x300.jpg\" alt=\"herbstpruefung-2010\" class=\"wp-image-817\" srcset=\"https:\/\/www.og-nettetal-hinsbeck.de\/wp-content\/uploads\/2016\/11\/Herbstpr\u00fcfung-2010-1-208x300.jpg 208w, https:\/\/www.og-nettetal-hinsbeck.de\/wp-content\/uploads\/2016\/11\/Herbstpr\u00fcfung-2010-1.jpg 415w\" sizes=\"auto, (max-width: 208px) 100vw, 208px\" \/><\/a><\/figure>\n\n\n\n<p>Herbstpr\u00fcfung 2010<\/p>\n\n\n\n<ul class=\"wp-submenu wp-submenu-wrap wp-block-list\"><li class=\"wp-first-item current\"><a class=\"wp-first-item current\" href=\"https:\/\/www.og-nettetal-hinsbeck.de\/wp-admin\/edit.php?post_type=page\">Alle Seiten<\/a><\/li><\/ul>\n\n\n\n<p><a href=\"https:\/\/www.og-nettetal-hinsbeck.de\/wp-content\/uploads\/2016\/11\/Herbstpr\u00fcfung-2010-1.jpg\"> &nbsp; <\/a><\/p>\n","protected":false},"excerpt":{"rendered":"<p>Herbstpr\u00fcfung 2019&nbsp;&nbsp;&nbsp;&nbsp;&nbsp;&nbsp;&nbsp;&nbsp;&nbsp;&nbsp;&nbsp;&nbsp;&nbsp;&nbsp;&nbsp;&nbsp;&nbsp;&nbsp;&nbsp;&nbsp;&nbsp;&nbsp;&nbsp;&nbsp;&nbsp;&nbsp;&nbsp;&nbsp;&nbsp;&nbsp;&nbsp;&nbsp;&nbsp;&nbsp; Fr\u00fchjahrspr\u00fcfung 2019 Herbstpr\u00fcfung 2018 &nbsp; Herbstpr\u00fcfung 2017 Herbstpr\u00fcfung 2016&nbsp;&nbsp;&nbsp;&nbsp;&nbsp;&nbsp;&nbsp;&nbsp;&nbsp;&nbsp;&nbsp;&nbsp;&nbsp;&nbsp;&nbsp;&nbsp;&nbsp;&nbsp;&nbsp;&nbsp;&nbsp; &nbsp; &nbsp; &nbsp; &nbsp; &nbsp; &nbsp;&nbsp; Fr\u00fchjahrspr\u00fcfung 2016 Herbstpr\u00fcfung 2015 Herbstpr\u00fcfung 2014&nbsp;&nbsp;&nbsp;&nbsp;&nbsp;&nbsp;&nbsp;&nbsp;&nbsp;&nbsp;&nbsp;&nbsp;&nbsp;&nbsp;&nbsp;&nbsp;&nbsp;&nbsp;&nbsp;&nbsp;&nbsp;&nbsp;&nbsp;&nbsp;&nbsp;&nbsp;&nbsp;&nbsp;&nbsp;&nbsp;&nbsp;&nbsp;&nbsp;&nbsp;&nbsp; &nbsp; &nbsp; Herbstpr\u00fcfung 2013 &nbsp;&nbsp;&nbsp;&nbsp;&nbsp;&nbsp;&nbsp;&nbsp;&nbsp;&nbsp;&nbsp;&nbsp;&nbsp;&nbsp; Herbstpr\u00fcfung 2012 &nbsp; &nbsp; &nbsp; &nbsp; &nbsp; &nbsp; &nbsp; &nbsp; &nbsp; &nbsp; &hellip; <a href=\"https:\/\/www.og-nettetal-hinsbeck.de\/?page_id=807\">Weiterlesen <span class=\"meta-nav\">&rarr;<\/span><\/a><\/p>\n","protected":false},"author":1,"featured_media":0,"parent":0,"menu_order":1,"comment_status":"closed","ping_status":"closed","template":"","meta":{"ngg_post_thumbnail":0,"footnotes":""},"class_list":["post-807","page","type-page","status-publish","hentry"],"_links":{"self":[{"href":"https:\/\/www.og-nettetal-hinsbeck.de\/index.php?rest_route=\/wp\/v2\/pages\/807","targetHints":{"allow":["GET"]}}],"collection":[{"href":"https:\/\/www.og-nettetal-hinsbeck.de\/index.php?rest_route=\/wp\/v2\/pages"}],"about":[{"href":"https:\/\/www.og-nettetal-hinsbeck.de\/index.php?rest_route=\/wp\/v2\/types\/page"}],"author":[{"embeddable":true,"href":"https:\/\/www.og-nettetal-hinsbeck.de\/index.php?rest_route=\/wp\/v2\/users\/1"}],"replies":[{"embeddable":true,"href":"https:\/\/www.og-nettetal-hinsbeck.de\/index.php?rest_route=%2Fwp%2Fv2%2Fcomments&post=807"}],"version-history":[{"count":13,"href":"https:\/\/www.og-nettetal-hinsbeck.de\/index.php?rest_route=\/wp\/v2\/pages\/807\/revisions"}],"predecessor-version":[{"id":1327,"href":"https:\/\/www.og-nettetal-hinsbeck.de\/index.php?rest_route=\/wp\/v2\/pages\/807\/revisions\/1327"}],"wp:attachment":[{"href":"https:\/\/www.og-nettetal-hinsbeck.de\/index.php?rest_route=%2Fwp%2Fv2%2Fmedia&parent=807"}],"curies":[{"name":"wp","href":"https:\/\/api.w.org\/{rel}","templated":true}]}}